{"id":1305,"date":"2025-08-17T13:43:46","date_gmt":"2025-08-17T11:43:46","guid":{"rendered":"https:\/\/c14paris.com\/?page_id=1305"},"modified":"2026-04-06T11:03:36","modified_gmt":"2026-04-06T09:03:36","slug":"call-for-performance","status":"publish","type":"page","link":"https:\/\/c14paris.com\/en\/appel-a-performance\/","title":{"rendered":"Call for performance"},"content":{"rendered":"<style>.kb-advanced-slider-1305_f37d1b-7d .kb-slider-size-fixed .kb-advanced-slide-inner-wrap{min-height:500px;}.kb-advanced-slider-1305_f37d1b-7d .kb-slider-pause-button{color:#fff;background-color:rgba(0, 0, 0, 0.8);border:1px solid transparent;}<\/style><div class=\"kb-advanced-slider kb-advanced-slider-1305_f37d1b-7d alignfull wp-block-kadence-slider\"><div class=\"kb-advanced-slider-inner-contain kb-adv-slider-html-version-2\"><div class=\"kb-blocks-advanced-carousel kt-blocks-carousel kt-carousel-container-dotstyle-dark\"><div class=\"kb-blocks-advanced-slider-init kb-slider-loading kb-blocks-slider kt-carousel-arrowstyle-whiteondark kt-carousel-dotstyle-dark kb-slider-size-fixed kb-slider-type-slider kb-slider-ratio-3-1 kb-slider-group-arrow kb-slider-arrow-position-center kb-slider-tab-ratio-inherit kb-slider-mobile-ratio-inherit splide kb-splide  kb-slider-version-2\" aria-label=\"Slider content\" data-slider-center-mode=\"true\" data-slider-type=\"slider\" data-loop-type=\"loop\" data-columns-xxl=\"3\" data-columns-xl=\"3\" data-columns-md=\"3\" data-columns-sm=\"2\" data-columns-xs=\"1\" data-columns-ss=\"1\" data-slider-anim-speed=\"400\" data-slider-scroll=\"1\" data-slider-fade=\"true\" data-slider-arrows=\"true\" data-slider-dots=\"true\" data-slider-hover-pause=\"false\" data-slider-auto=\"true\"  data-dragging=\"true\" data-slider-speed=\"7000\" data-slider-gap=\"30\" data-slider-gap-tablet=\"30\" data-slider-gap-mobile=\"30\" data-slider-gap-unit=\"px\"><div class=\"splide__track\"><ul class=\"splide__list\">\n\n<li class=\"wp-block-kadence-slide kb-advanced-slide-item kb-slide-1305_0234ca-e5\"><div class=\"kb-advanced-slide\"><div class=\"kb-advanced-slide-inner-wrap\"><div class=\"kb-advanced-slide-overlay\"><\/div><div class=\"kb-advanced-slide-inner\"><style>.wp-block-kadence-advancedheading.kt-adv-heading1305_c7bc72-bf, .wp-block-kadence-advancedheading.kt-adv-heading1305_c7bc72-bf[data-kb-block=\"kb-adv-heading1305_c7bc72-bf\"]{font-size:var(--global-kb-font-size-xl, 3rem);font-style:normal;}.wp-block-kadence-advancedheading.kt-adv-heading1305_c7bc72-bf mark.kt-highlight, .wp-block-kadence-advancedheading.kt-adv-heading1305_c7bc72-bf[data-kb-block=\"kb-adv-heading1305_c7bc72-bf\"] mark.kt-highlight{font-style:normal;color:#f76a0c;-webkit-box-decoration-break:clone;box-decoration-break:clone;padding-top:0px;padding-right:0px;padding-bottom:0px;padding-left:0px;}.wp-block-kadence-advancedheading.kt-adv-heading1305_c7bc72-bf img.kb-inline-image, .wp-block-kadence-advancedheading.kt-adv-heading1305_c7bc72-bf[data-kb-block=\"kb-adv-heading1305_c7bc72-bf\"] img.kb-inline-image{width:150px;vertical-align:baseline;}<\/style>\n<h1 class=\"kt-adv-heading1305_c7bc72-bf wp-block-kadence-advancedheading has-theme-palette-9-color has-text-color\" data-kb-block=\"kb-adv-heading1305_c7bc72-bf\">Appel \u00e0 performance<\/h1>\n\n\n\n<p class=\"has-theme-palette-9-color has-text-color has-link-color wp-elements-0b0669aee5d93bfd081e3dda88c71793\">C\u00e9ramique<\/p>\n<\/div><\/div><\/div><\/li>\n\n<\/ul><\/div><\/div><\/div><\/div><\/div>\n\n<style>.kb-row-layout-wrap.wp-block-kadence-rowlayout.kb-row-layout-id1305_4cfc21-0f{margin-top:0px;}.kb-row-layout-id1305_4cfc21-0f > .kt-row-column-wrap{align-content:start;}:where(.kb-row-layout-id1305_4cfc21-0f > .kt-row-column-wrap) > .wp-block-kadence-column{justify-content:start;}.kb-row-layout-id1305_4cfc21-0f > .kt-row-column-wrap{column-gap:var(--global-kb-gap-md, 2rem);row-gap:var(--global-kb-gap-md, 2rem);max-width:var( --global-content-width, 1250px );padding-left:var(--global-content-edge-padding);padding-right:var(--global-content-edge-padding);padding-top:var(--global-kb-spacing-lg, 3rem);padding-bottom:var(--global-kb-spacing-sm, 1.5rem);grid-template-columns:minmax(0, calc(50% - ((var(--global-kb-gap-md, 2rem) * 1 )\/2)))minmax(0, calc(50% - ((var(--global-kb-gap-md, 2rem) * 1 )\/2)));}.kb-row-layout-id1305_4cfc21-0f > .kt-row-layout-overlay{opacity:0.30;}@media all and (max-width: 1024px){.kb-row-layout-id1305_4cfc21-0f > .kt-row-column-wrap{grid-template-columns:repeat(2, minmax(0, 1fr));}}@media all and (max-width: 767px){.kb-row-layout-id1305_4cfc21-0f > .kt-row-column-wrap{grid-template-columns:minmax(0, 1fr);}}<\/style><div class=\"kb-row-layout-wrap kb-row-layout-id1305_4cfc21-0f alignnone wp-block-kadence-rowlayout\"><div class=\"kt-row-column-wrap kt-has-2-columns kt-row-layout-equal kt-tab-layout-inherit kt-mobile-layout-row kt-row-valign-top kb-theme-content-width\">\n<style>.kadence-column1305_c0b0af-e1 > .kt-inside-inner-col,.kadence-column1305_c0b0af-e1 > .kt-inside-inner-col:before{border-top-left-radius:0px;border-top-right-radius:0px;border-bottom-right-radius:0px;border-bottom-left-radius:0px;}.kadence-column1305_c0b0af-e1 > .kt-inside-inner-col{column-gap:var(--global-kb-gap-sm, 1rem);}.kadence-column1305_c0b0af-e1 > .kt-inside-inner-col{flex-direction:column;}.kadence-column1305_c0b0af-e1 > .kt-inside-inner-col > .aligncenter{width:100%;}.kadence-column1305_c0b0af-e1 > .kt-inside-inner-col:before{opacity:0.3;}.kadence-column1305_c0b0af-e1{position:relative;}@media all and (max-width: 1024px){.kadence-column1305_c0b0af-e1 > .kt-inside-inner-col{flex-direction:column;justify-content:center;}}@media all and (max-width: 767px){.kadence-column1305_c0b0af-e1 > .kt-inside-inner-col{flex-direction:column;justify-content:center;}}<\/style>\n<div class=\"wp-block-kadence-column kadence-column1305_c0b0af-e1\"><div class=\"kt-inside-inner-col\">\n<h2 class=\"wp-block-heading\">Vous voulez donner de la visibilit\u00e9 \u00e0 votre d\u00e9marche&nbsp;performative et c\u00e9ramique?<\/h2>\n\n\n\n<p>Le salon C14 PARIS d\u00e9di\u00e9 \u00e0 la c\u00e9ramique sculpturale contemporaine offre un espace de 500 x 250 cm en rez-de-chauss\u00e9e de son espace d\u2019accueil, Annexe de la mairie du 14<sup>\u00e8me<\/sup>arrondissement, Paris, rue Pierre&nbsp;Castagnou&nbsp;pour rendre visible voire participatif le travail performatif d\u2019un\u2022e plasticien\u2022ne utilisant l\u2019argile.<\/p>\n\n\n\n<p><strong>Salon de c\u00e9ramique contemporaine C14 PARIS<\/strong><br><strong>Du 01 au 04 Octobre 2026<\/strong><br>Performances attendues&nbsp;\u00e0 \u00e9ch\u00e9ances r\u00e9guli\u00e8res, tout au long des 4 jours du salon.<\/p>\n\n\n\n<p>Sont accept\u00e9s&nbsp;les travaux relevant des champs artistiques suivants&nbsp;:<\/p>\n\n\n\n<p>\u2013&nbsp;Son&nbsp;<br>\u2013&nbsp;Vid\u00e9o<br>\u2013&nbsp;Mime<br>\u2013&nbsp;Th\u00e9\u00e2tre<br>\u2013&nbsp;Danse&nbsp;<br>\u2013&nbsp;Clown<\/p>\n\n\n\n<p>M\u00e9diums&nbsp;accept\u00e9s&nbsp;:<\/p>\n\n\n\n<p>\u2013&nbsp;Argile crue ou cuite&nbsp;(terre cuite, fa\u00efence, gr\u00e8s, porcelaine)<\/p>\n\n\n\n<p>La performance sera relay\u00e9e par C14 PARIS sur les r\u00e9seaux sociaux et son site web et b\u00e9n\u00e9ficiera d\u2019une double page de pr\u00e9sentation dans le catalogue 2026.<br>La participation au salon est offerte.<br>Aucune r\u00e9tribution ni prise en charge des frais de transport et d\u2019h\u00e9bergement.<\/p>\n<\/div><\/div>\n\n\n<style>.kadence-column1305_e6742b-f6 > .kt-inside-inner-col,.kadence-column1305_e6742b-f6 > .kt-inside-inner-col:before{border-top-left-radius:0px;border-top-right-radius:0px;border-bottom-right-radius:0px;border-bottom-left-radius:0px;}.kadence-column1305_e6742b-f6 > .kt-inside-inner-col{column-gap:var(--global-kb-gap-sm, 1rem);}.kadence-column1305_e6742b-f6 > .kt-inside-inner-col{flex-direction:column;}.kadence-column1305_e6742b-f6 > .kt-inside-inner-col > .aligncenter{width:100%;}.kadence-column1305_e6742b-f6 > .kt-inside-inner-col:before{opacity:0.3;}.kadence-column1305_e6742b-f6{position:relative;}@media all and (max-width: 1024px){.kadence-column1305_e6742b-f6 > .kt-inside-inner-col{flex-direction:column;justify-content:center;}}@media all and (max-width: 767px){.kadence-column1305_e6742b-f6 > .kt-inside-inner-col{flex-direction:column;justify-content:center;}}<\/style>\n<div class=\"wp-block-kadence-column kadence-column1305_e6742b-f6\"><div class=\"kt-inside-inner-col\"><style>.wp-block-kadence-spacer.kt-block-spacer-1305_a1c869-2b .kt-block-spacer{height:30px;}.wp-block-kadence-spacer.kt-block-spacer-1305_a1c869-2b .kt-divider{border-top-width:5px;height:1px;border-top-color:var(--global-palette3, #1A202C);width:50%;border-top-style:solid;}<\/style>\n<div class=\"wp-block-kadence-spacer aligncenter kt-block-spacer-1305_a1c869-2b is-style-default\"><div class=\"kt-block-spacer kt-block-spacer-halign-left\"><hr class=\"kt-divider\" \/><\/div><\/div>\n\n\n\n<p><strong>Les inscriptions seront ouvertes sur le site de C14 PARIS en 2027 pour la 23e \u00e9dition du salon<\/strong>.<\/p>\n\n\n<style>.wp-block-kadence-advancedbtn.kt-btns1305_f2603e-82, .site .entry-content .wp-block-kadence-advancedbtn.kt-btns1305_f2603e-82, .wp-block-kadence-advancedbtn.kb-btns1305_f2603e-82, .site .entry-content .wp-block-kadence-advancedbtn.kb-btns1305_f2603e-82{margin-top:var(--global-kb-spacing-md, 2rem);}.wp-block-kadence-advancedbtn.kb-btns1305_f2603e-82{gap:var(--global-kb-gap-xs, 0.5rem );justify-content:flex-start;align-items:center;}.kt-btns1305_f2603e-82 .kt-button{font-weight:normal;font-style:normal;}.kt-btns1305_f2603e-82 .kt-btn-wrap-0{margin-right:5px;}.wp-block-kadence-advancedbtn.kt-btns1305_f2603e-82 .kt-btn-wrap-0 .kt-button{color:#555555;border-color:#555555;}.wp-block-kadence-advancedbtn.kt-btns1305_f2603e-82 .kt-btn-wrap-0 .kt-button:hover, .wp-block-kadence-advancedbtn.kt-btns1305_f2603e-82 .kt-btn-wrap-0 .kt-button:focus{color:#ffffff;border-color:#444444;}.wp-block-kadence-advancedbtn.kt-btns1305_f2603e-82 .kt-btn-wrap-0 .kt-button::before{display:none;}.wp-block-kadence-advancedbtn.kt-btns1305_f2603e-82 .kt-btn-wrap-0 .kt-button:hover, .wp-block-kadence-advancedbtn.kt-btns1305_f2603e-82 .kt-btn-wrap-0 .kt-button:focus{background:#444444;}<\/style>\n<div class=\"wp-block-kadence-advancedbtn kb-buttons-wrap kb-btns1305_f2603e-82\"><style>ul.menu .wp-block-kadence-advancedbtn .kb-btn1305_4956f6-65.kb-button{width:initial;}<\/style><a class=\"kb-button kt-button button kb-btn1305_4956f6-65 kt-btn-size-standard kt-btn-width-type-auto kb-btn-global-inherit  kt-btn-has-text-true kt-btn-has-svg-false  wp-block-button__link wp-block-kadence-singlebtn\" href=\"https:\/\/c14paris.com\/formulaire-appel-a-performance\/\"><span class=\"kt-btn-inner-text\">Je r\u00e9ponds \u00e0 l&rsquo;appel \u00e0 performance<\/span><\/a><\/div>\n<\/div><\/div>\n\n<\/div><\/div>\n\n\n<p><\/p>\n","protected":false},"excerpt":{"rendered":"<p>Want to showcase your performance art and ceramics? The C14 PARIS exhibition dedicated to contemporary sculptural ceramics offers a 500 x 250 cm space on the ground floor of its reception area, Annexe de la mairie du 14\u00e8me arrondissement, Paris, rue Pierre Castagnou, to showcase and even involve the audience in the performance work of a visual artist using clay....<\/p>","protected":false},"author":2,"featured_media":0,"parent":0,"menu_order":0,"comment_status":"closed","ping_status":"closed","template":"","meta":{"_acf_changed":false,"_kad_blocks_custom_css":"","_kad_blocks_head_custom_js":"","_kad_blocks_body_custom_js":"","_kad_blocks_footer_custom_js":"","_kad_post_transparent":"","_kad_post_title":"","_kad_post_layout":"","_kad_post_sidebar_id":"","_kad_post_content_style":"","_kad_post_vertical_padding":"","_kad_post_feature":"","_kad_post_feature_position":"","_kad_post_header":false,"_kad_post_footer":false,"_kad_post_classname":"","footnotes":""},"class_list":["post-1305","page","type-page","status-publish","hentry"],"acf":[],"taxonomy_info":[],"featured_image_src_large":false,"author_info":{"display_name":"manon","author_link":"https:\/\/c14paris.com\/en\/author\/manon\/"},"comment_info":"","_links":{"self":[{"href":"https:\/\/c14paris.com\/en\/wp-json\/wp\/v2\/pages\/1305","targetHints":{"allow":["GET"]}}],"collection":[{"href":"https:\/\/c14paris.com\/en\/wp-json\/wp\/v2\/pages"}],"about":[{"href":"https:\/\/c14paris.com\/en\/wp-json\/wp\/v2\/types\/page"}],"author":[{"embeddable":true,"href":"https:\/\/c14paris.com\/en\/wp-json\/wp\/v2\/users\/2"}],"replies":[{"embeddable":true,"href":"https:\/\/c14paris.com\/en\/wp-json\/wp\/v2\/comments?post=1305"}],"version-history":[{"count":1,"href":"https:\/\/c14paris.com\/en\/wp-json\/wp\/v2\/pages\/1305\/revisions"}],"predecessor-version":[{"id":2528,"href":"https:\/\/c14paris.com\/en\/wp-json\/wp\/v2\/pages\/1305\/revisions\/2528"}],"wp:attachment":[{"href":"https:\/\/c14paris.com\/en\/wp-json\/wp\/v2\/media?parent=1305"}],"curies":[{"name":"wp","href":"https:\/\/api.w.org\/{rel}","templated":true}]}}