{"id":1297,"date":"2025-08-17T13:32:22","date_gmt":"2025-08-17T11:32:22","guid":{"rendered":"https:\/\/c14paris.com\/?page_id=1297"},"modified":"2026-04-06T11:02:54","modified_gmt":"2026-04-06T09:02:54","slug":"thesis-prize-competition","status":"publish","type":"page","link":"https:\/\/c14paris.com\/en\/concours-prix-de-these\/","title":{"rendered":"Thesis Award Competition"},"content":{"rendered":"<style>.kb-advanced-slider-1297_85a105-8d .kb-slider-size-fixed .kb-advanced-slide-inner-wrap{min-height:500px;}.kb-advanced-slider-1297_85a105-8d .kb-slider-pause-button{color:#fff;background-color:rgba(0, 0, 0, 0.8);border:1px solid transparent;}<\/style><div class=\"kb-advanced-slider kb-advanced-slider-1297_85a105-8d alignfull wp-block-kadence-slider\"><div class=\"kb-advanced-slider-inner-contain kb-adv-slider-html-version-2\"><div class=\"kb-blocks-advanced-carousel kt-blocks-carousel kt-carousel-container-dotstyle-dark\"><div class=\"kb-blocks-advanced-slider-init kb-slider-loading kb-blocks-slider kt-carousel-arrowstyle-whiteondark kt-carousel-dotstyle-dark kb-slider-size-fixed kb-slider-type-slider kb-slider-ratio-3-1 kb-slider-group-arrow kb-slider-arrow-position-center kb-slider-tab-ratio-inherit kb-slider-mobile-ratio-inherit splide kb-splide  kb-slider-version-2\" aria-label=\"Slider content\" data-slider-center-mode=\"true\" data-slider-type=\"slider\" data-loop-type=\"loop\" data-columns-xxl=\"3\" data-columns-xl=\"3\" data-columns-md=\"3\" data-columns-sm=\"2\" data-columns-xs=\"1\" data-columns-ss=\"1\" data-slider-anim-speed=\"400\" data-slider-scroll=\"1\" data-slider-fade=\"true\" data-slider-arrows=\"true\" data-slider-dots=\"true\" data-slider-hover-pause=\"false\" data-slider-auto=\"true\"  data-dragging=\"true\" data-slider-speed=\"7000\" data-slider-gap=\"30\" data-slider-gap-tablet=\"30\" data-slider-gap-mobile=\"30\" data-slider-gap-unit=\"px\"><div class=\"splide__track\"><ul class=\"splide__list\">\n\n<li class=\"wp-block-kadence-slide kb-advanced-slide-item kb-slide-1297_a3e3e7-7e\"><div class=\"kb-advanced-slide\"><div class=\"kb-advanced-slide-inner-wrap\"><div class=\"kb-advanced-slide-overlay\"><\/div><div class=\"kb-advanced-slide-inner\"><style>.wp-block-kadence-advancedheading.kt-adv-heading1297_d3ec66-e8, .wp-block-kadence-advancedheading.kt-adv-heading1297_d3ec66-e8[data-kb-block=\"kb-adv-heading1297_d3ec66-e8\"]{font-size:var(--global-kb-font-size-xl, 3rem);font-style:normal;}.wp-block-kadence-advancedheading.kt-adv-heading1297_d3ec66-e8 mark.kt-highlight, .wp-block-kadence-advancedheading.kt-adv-heading1297_d3ec66-e8[data-kb-block=\"kb-adv-heading1297_d3ec66-e8\"] mark.kt-highlight{font-style:normal;color:#f76a0c;-webkit-box-decoration-break:clone;box-decoration-break:clone;padding-top:0px;padding-right:0px;padding-bottom:0px;padding-left:0px;}.wp-block-kadence-advancedheading.kt-adv-heading1297_d3ec66-e8 img.kb-inline-image, .wp-block-kadence-advancedheading.kt-adv-heading1297_d3ec66-e8[data-kb-block=\"kb-adv-heading1297_d3ec66-e8\"] img.kb-inline-image{width:150px;vertical-align:baseline;}<\/style>\n<h1 class=\"kt-adv-heading1297_d3ec66-e8 wp-block-kadence-advancedheading has-theme-palette-9-color has-text-color\" data-kb-block=\"kb-adv-heading1297_d3ec66-e8\">Concours prix de Th\u00e8se<\/h1>\n\n\n\n<p class=\"has-theme-palette-9-color has-text-color has-link-color wp-elements-350b48c4eb72e163a26af7fa6609d3a4\">C\u00e9ramique contemporaine et actuelle<\/p>\n<\/div><\/div><\/div><\/li>\n\n<\/ul><\/div><\/div><\/div><\/div><\/div>\n\n<style>.kb-row-layout-wrap.wp-block-kadence-rowlayout.kb-row-layout-id1297_d114f5-07{margin-top:0px;}.kb-row-layout-id1297_d114f5-07 > .kt-row-column-wrap{align-content:start;}:where(.kb-row-layout-id1297_d114f5-07 > .kt-row-column-wrap) > .wp-block-kadence-column{justify-content:start;}.kb-row-layout-id1297_d114f5-07 > .kt-row-column-wrap{column-gap:var(--global-kb-gap-md, 2rem);row-gap:var(--global-kb-gap-md, 2rem);max-width:var( --global-content-width, 1250px );padding-left:var(--global-content-edge-padding);padding-right:var(--global-content-edge-padding);padding-top:var(--global-kb-spacing-lg, 3rem);padding-bottom:var(--global-kb-spacing-sm, 1.5rem);grid-template-columns:minmax(0, calc(50% - ((var(--global-kb-gap-md, 2rem) * 1 )\/2)))minmax(0, calc(50% - ((var(--global-kb-gap-md, 2rem) * 1 )\/2)));}.kb-row-layout-id1297_d114f5-07 > .kt-row-layout-overlay{opacity:0.30;}@media all and (max-width: 1024px){.kb-row-layout-id1297_d114f5-07 > .kt-row-column-wrap{grid-template-columns:repeat(2, minmax(0, 1fr));}}@media all and (max-width: 767px){.kb-row-layout-id1297_d114f5-07 > .kt-row-column-wrap{grid-template-columns:minmax(0, 1fr);}}<\/style><div class=\"kb-row-layout-wrap kb-row-layout-id1297_d114f5-07 alignnone wp-block-kadence-rowlayout\"><div class=\"kt-row-column-wrap kt-has-2-columns kt-row-layout-equal kt-tab-layout-inherit kt-mobile-layout-row kt-row-valign-top kb-theme-content-width\">\n<style>.kadence-column1297_862027-ff > .kt-inside-inner-col,.kadence-column1297_862027-ff > .kt-inside-inner-col:before{border-top-left-radius:0px;border-top-right-radius:0px;border-bottom-right-radius:0px;border-bottom-left-radius:0px;}.kadence-column1297_862027-ff > .kt-inside-inner-col{column-gap:var(--global-kb-gap-sm, 1rem);}.kadence-column1297_862027-ff > .kt-inside-inner-col{flex-direction:column;}.kadence-column1297_862027-ff > .kt-inside-inner-col > .aligncenter{width:100%;}.kadence-column1297_862027-ff > .kt-inside-inner-col:before{opacity:0.3;}.kadence-column1297_862027-ff{position:relative;}@media all and (max-width: 1024px){.kadence-column1297_862027-ff > .kt-inside-inner-col{flex-direction:column;justify-content:center;}}@media all and (max-width: 767px){.kadence-column1297_862027-ff > .kt-inside-inner-col{flex-direction:column;justify-content:center;}}<\/style>\n<div class=\"wp-block-kadence-column kadence-column1297_862027-ff\"><div class=\"kt-inside-inner-col\">\n<h2 class=\"wp-block-heading\">Appel \u00e0 candidatures<\/h2>\n\n\n\n<h3 class=\"wp-block-heading\">Ouvert aux candidats&nbsp;francophones&nbsp;ressortissants des pays suivants:&nbsp;<br>France, Belgique, Suisse, Qu\u00e9bec<\/h3>\n\n\n\n<p>Les Presses&nbsp;Universitaires du Septentrion (PUS), en collaboration avec le salon C14 PARIS et le centre&nbsp;Keramis&nbsp;(BE), ouvrent une nouvelle collection d\u00e9volue \u00e0 la recherche scientifique sur la c\u00e9ramique contemporaine&nbsp;et remettront un Prix&nbsp;de&nbsp;Th\u00e8se tous les 2 ans.<\/p>\n\n\n\n<p>Objet:&nbsp;Ce prix&nbsp;vise \u00e0 encourager \u2013&nbsp;par&nbsp;un soutien \u00e0 la publication de la th\u00e8se du laur\u00e9at&nbsp;aux PUS \u2013 l\u2019\u00e9mergence de travaux scientifiques portant sur la c\u00e9ramique contemporaine et actuelle (1880 \u00e0 nos jours), quelle que soit la discipline universitaire native (cf. argumentaire et r\u00e8glement joints).<br><br>Le jury sera compos\u00e9 de 4 membres de droit (Universit\u00e9 de Picardie&nbsp;\u2013&nbsp;Jules Verne et C14 PARIS) et de membres consultatifs (enseignant.es chercheur.es,&nbsp;ma\u00eetres.ses&nbsp;de conf\u00e9rence, professeur.es des universit\u00e9s, conservateurs).&nbsp;<br>Plus de d\u00e9tails \u00e0 venir.<\/p>\n\n\n\n<p>Remise du Prix de Th\u00e8se: le soir du vernissage du salon.<\/p>\n\n\n\n<p><strong>Le nouvel appel pour le Prix de Th\u00e8se sera lanc\u00e9 en 2027.<br><\/strong><br>Toute participation est soumise \u00e0 l\u2019acceptation du r\u00e8glement g\u00e9n\u00e9ral.<\/p>\n<\/div><\/div>\n\n\n<style>.kadence-column1297_729427-c9 > .kt-inside-inner-col,.kadence-column1297_729427-c9 > .kt-inside-inner-col:before{border-top-left-radius:0px;border-top-right-radius:0px;border-bottom-right-radius:0px;border-bottom-left-radius:0px;}.kadence-column1297_729427-c9 > .kt-inside-inner-col{column-gap:var(--global-kb-gap-sm, 1rem);}.kadence-column1297_729427-c9 > .kt-inside-inner-col{flex-direction:column;}.kadence-column1297_729427-c9 > .kt-inside-inner-col > .aligncenter{width:100%;}.kadence-column1297_729427-c9 > .kt-inside-inner-col:before{opacity:0.3;}.kadence-column1297_729427-c9{position:relative;}@media all and (max-width: 1024px){.kadence-column1297_729427-c9 > .kt-inside-inner-col{flex-direction:column;justify-content:center;}}@media all and (max-width: 767px){.kadence-column1297_729427-c9 > .kt-inside-inner-col{flex-direction:column;justify-content:center;}}<\/style>\n<div class=\"wp-block-kadence-column kadence-column1297_729427-c9\"><div class=\"kt-inside-inner-col\"><style>.wp-block-kadence-spacer.kt-block-spacer-1297_170c36-2e .kt-block-spacer{height:30px;}.wp-block-kadence-spacer.kt-block-spacer-1297_170c36-2e .kt-divider{border-top-width:5px;height:1px;border-top-color:var(--global-palette3, #1A202C);width:50%;border-top-style:solid;}<\/style>\n<div class=\"wp-block-kadence-spacer aligncenter kt-block-spacer-1297_170c36-2e is-style-default\"><div class=\"kt-block-spacer kt-block-spacer-halign-left\"><hr class=\"kt-divider\" \/><\/div><\/div>\n\n\n<style>.wp-block-kadence-advancedgallery .kb-gallery-type-grid.kb-gallery-id-1297_ab710e-d9{margin:-5px;}.kb-gallery-type-grid.kb-gallery-id-1297_ab710e-d9 .kadence-blocks-gallery-item{padding:5px;}.kb-gallery-id-1297_ab710e-d9 .kadence-blocks-gallery-item .kb-gal-image-radius, .kb-gallery-id-1297_ab710e-d9 .kb-slide-item .kb-gal-image-radius img{border-radius:0px 0px 0px 0px;;}<\/style><div class=\"kb-gallery-wrap-id-1297_ab710e-d9 alignnone wp-block-kadence-advancedgallery\"><ul class=\"kb-gallery-ul kb-gallery-non-static kb-gallery-type-grid kb-gallery-id-1297_ab710e-d9 kb-gallery-caption-style-bottom-hover kb-gallery-filter-none\" data-image-filter=\"none\" data-item-selector=\".kadence-blocks-gallery-item\" data-lightbox-caption=\"true\" data-columns-xxl=\"3\" data-columns-xl=\"3\" data-columns-md=\"3\" data-columns-sm=\"2\" data-columns-xs=\"1\" data-columns-ss=\"1\"><li class=\"kadence-blocks-gallery-item\" tabindex=\"0\"><div class=\"kadence-blocks-gallery-item-inner\"><figure class=\"kb-gallery-figure kadence-blocks-gallery-item-hide-caption\"><div class=\"kb-gal-image-radius\"><div class=\"kb-gallery-image-contain kadence-blocks-gallery-intrinsic kb-gallery-image-ratio-land32 kb-has-image-ratio-land32\" ><img loading=\"lazy\" decoding=\"async\" src=\"https:\/\/c14paris.com\/wp-content\/uploads\/sites\/9\/2025\/07\/logo-septentrion-300x188.png\" width=\"300\" height=\"188\" alt=\"\" data-full-image=\"https:\/\/c14paris.com\/wp-content\/uploads\/sites\/9\/2025\/07\/logo-septentrion.png\" data-light-image=\"https:\/\/c14paris.com\/wp-content\/uploads\/sites\/9\/2025\/07\/logo-septentrion.png\" data-id=\"228\" class=\"wp-image-228\" srcset=\"https:\/\/c14paris.com\/wp-content\/uploads\/sites\/9\/2025\/07\/logo-septentrion-300x188.png 300w, https:\/\/c14paris.com\/wp-content\/uploads\/sites\/9\/2025\/07\/logo-septentrion-18x12.png 18w, https:\/\/c14paris.com\/wp-content\/uploads\/sites\/9\/2025\/07\/logo-septentrion.png 640w\" sizes=\"auto, (max-width: 300px) 100vw, 300px\" \/><\/div><\/div><\/figure><\/div><\/li><li class=\"kadence-blocks-gallery-item\" tabindex=\"0\"><div class=\"kadence-blocks-gallery-item-inner\"><figure class=\"kb-gallery-figure kadence-blocks-gallery-item-hide-caption\"><div class=\"kb-gal-image-radius\"><div class=\"kb-gallery-image-contain kadence-blocks-gallery-intrinsic kb-gallery-image-ratio-land32 kb-has-image-ratio-land32\" ><img loading=\"lazy\" decoding=\"async\" src=\"https:\/\/c14paris.com\/wp-content\/uploads\/sites\/9\/2025\/07\/logo-keramis-300x188.png\" width=\"300\" height=\"188\" alt=\"\" data-full-image=\"https:\/\/c14paris.com\/wp-content\/uploads\/sites\/9\/2025\/07\/logo-keramis.png\" data-light-image=\"https:\/\/c14paris.com\/wp-content\/uploads\/sites\/9\/2025\/07\/logo-keramis.png\" data-id=\"288\" class=\"wp-image-288\" srcset=\"https:\/\/c14paris.com\/wp-content\/uploads\/sites\/9\/2025\/07\/logo-keramis-300x188.png 300w, https:\/\/c14paris.com\/wp-content\/uploads\/sites\/9\/2025\/07\/logo-keramis-1024x640.png 1024w, https:\/\/c14paris.com\/wp-content\/uploads\/sites\/9\/2025\/07\/logo-keramis-768x480.png 768w, https:\/\/c14paris.com\/wp-content\/uploads\/sites\/9\/2025\/07\/logo-keramis-18x12.png 18w, https:\/\/c14paris.com\/wp-content\/uploads\/sites\/9\/2025\/07\/logo-keramis-1200x750.png 1200w, https:\/\/c14paris.com\/wp-content\/uploads\/sites\/9\/2025\/07\/logo-keramis.png 1280w\" sizes=\"auto, (max-width: 300px) 100vw, 300px\" \/><\/div><\/div><\/figure><\/div><\/li><li class=\"kadence-blocks-gallery-item\" tabindex=\"0\"><div class=\"kadence-blocks-gallery-item-inner\"><figure class=\"kb-gallery-figure kadence-blocks-gallery-item-hide-caption\"><div class=\"kb-gal-image-radius\"><div class=\"kb-gallery-image-contain kadence-blocks-gallery-intrinsic kb-gallery-image-ratio-land32 kb-has-image-ratio-land32\" ><img loading=\"lazy\" decoding=\"async\" src=\"https:\/\/c14paris.com\/wp-content\/uploads\/sites\/9\/2025\/08\/banniere-logo-mail-c14-300x167.jpg\" width=\"300\" height=\"167\" alt=\"\" data-full-image=\"https:\/\/c14paris.com\/wp-content\/uploads\/sites\/9\/2025\/08\/banniere-logo-mail-c14.jpg\" data-light-image=\"https:\/\/c14paris.com\/wp-content\/uploads\/sites\/9\/2025\/08\/banniere-logo-mail-c14.jpg\" data-id=\"1303\" class=\"wp-image-1303\" srcset=\"https:\/\/c14paris.com\/wp-content\/uploads\/sites\/9\/2025\/08\/banniere-logo-mail-c14-300x167.jpg 300w, https:\/\/c14paris.com\/wp-content\/uploads\/sites\/9\/2025\/08\/banniere-logo-mail-c14-768x427.jpg 768w, https:\/\/c14paris.com\/wp-content\/uploads\/sites\/9\/2025\/08\/banniere-logo-mail-c14-18x10.jpg 18w, https:\/\/c14paris.com\/wp-content\/uploads\/sites\/9\/2025\/08\/banniere-logo-mail-c14.jpg 900w\" sizes=\"auto, (max-width: 300px) 100vw, 300px\" \/><\/div><\/div><\/figure><\/div><\/li><\/ul><\/div>\n\n<style>.wp-block-kadence-advancedbtn.kt-btns1297_24565b-d3, .site .entry-content .wp-block-kadence-advancedbtn.kt-btns1297_24565b-d3, .wp-block-kadence-advancedbtn.kb-btns1297_24565b-d3, .site .entry-content .wp-block-kadence-advancedbtn.kb-btns1297_24565b-d3{margin-top:var(--global-kb-spacing-md, 2rem);}.wp-block-kadence-advancedbtn.kb-btns1297_24565b-d3{gap:var(--global-kb-gap-xs, 0.5rem );justify-content:flex-start;align-items:center;}.kt-btns1297_24565b-d3 .kt-button{font-weight:normal;font-style:normal;}.kt-btns1297_24565b-d3 .kt-btn-wrap-0{margin-right:5px;}.wp-block-kadence-advancedbtn.kt-btns1297_24565b-d3 .kt-btn-wrap-0 .kt-button{color:#555555;border-color:#555555;}.wp-block-kadence-advancedbtn.kt-btns1297_24565b-d3 .kt-btn-wrap-0 .kt-button:hover, .wp-block-kadence-advancedbtn.kt-btns1297_24565b-d3 .kt-btn-wrap-0 .kt-button:focus{color:#ffffff;border-color:#444444;}.wp-block-kadence-advancedbtn.kt-btns1297_24565b-d3 .kt-btn-wrap-0 .kt-button::before{display:none;}.wp-block-kadence-advancedbtn.kt-btns1297_24565b-d3 .kt-btn-wrap-0 .kt-button:hover, .wp-block-kadence-advancedbtn.kt-btns1297_24565b-d3 .kt-btn-wrap-0 .kt-button:focus{background:#444444;}<\/style>\n<div class=\"wp-block-kadence-advancedbtn kb-buttons-wrap kb-btns1297_24565b-d3\"><style>ul.menu .wp-block-kadence-advancedbtn .kb-btn1297_39d5df-cd.kb-button{width:initial;}<\/style><a class=\"kb-button kt-button button kb-btn1297_39d5df-cd kt-btn-size-standard kt-btn-width-type-auto kb-btn-global-inherit  kt-btn-has-text-true kt-btn-has-svg-false  wp-block-button__link wp-block-kadence-singlebtn\" href=\"https:\/\/c14paris.com\/reglement-interieur-prix-de-these\/\"><span class=\"kt-btn-inner-text\">R\u00e8glement int\u00e9rieur<\/span><\/a>\n\n<style>ul.menu .wp-block-kadence-advancedbtn .kb-btn1297_0e3b03-c6.kb-button{width:initial;}<\/style><a class=\"kb-button kt-button button kb-btn1297_0e3b03-c6 kt-btn-size-standard kt-btn-width-type-auto kb-btn-global-inherit  kt-btn-has-text-true kt-btn-has-svg-false  wp-block-button__link wp-block-kadence-singlebtn\" href=\"https:\/\/c14paris.com\/wp-content\/uploads\/sites\/9\/2025\/08\/Argumentaire-prix-de-these.pdf\" target=\"_blank\" rel=\"noreferrer noopener\"><span class=\"kt-btn-inner-text\">Lire et t\u00e9l\u00e9charger l&rsquo;argumentaire<\/span><\/a><\/div>\n<\/div><\/div>\n\n<\/div><\/div>","protected":false},"excerpt":{"rendered":"<p>Call for applications Open to French-speaking candidates who are citizens of the following countries:\u00a0France, Belgium, Switzerland, Quebec Les Presses Universitaires du Septentrion (PUS), in collaboration with the C14 PARIS fair and the Keramis center (BE), are launching a new collection dedicated to scientific research on contemporary ceramics and will award a Thesis Prize every two years. Purpose: This prize aims to encourage\u2014by supporting...<\/p>","protected":false},"author":2,"featured_media":0,"parent":0,"menu_order":0,"comment_status":"closed","ping_status":"closed","template":"","meta":{"_acf_changed":false,"_kad_blocks_custom_css":"","_kad_blocks_head_custom_js":"","_kad_blocks_body_custom_js":"","_kad_blocks_footer_custom_js":"","_kad_post_transparent":"","_kad_post_title":"","_kad_post_layout":"","_kad_post_sidebar_id":"","_kad_post_content_style":"","_kad_post_vertical_padding":"","_kad_post_feature":"","_kad_post_feature_position":"","_kad_post_header":false,"_kad_post_footer":false,"_kad_post_classname":"","footnotes":""},"class_list":["post-1297","page","type-page","status-publish","hentry"],"acf":[],"taxonomy_info":[],"featured_image_src_large":false,"author_info":{"display_name":"manon","author_link":"https:\/\/c14paris.com\/en\/author\/manon\/"},"comment_info":"","_links":{"self":[{"href":"https:\/\/c14paris.com\/en\/wp-json\/wp\/v2\/pages\/1297","targetHints":{"allow":["GET"]}}],"collection":[{"href":"https:\/\/c14paris.com\/en\/wp-json\/wp\/v2\/pages"}],"about":[{"href":"https:\/\/c14paris.com\/en\/wp-json\/wp\/v2\/types\/page"}],"author":[{"embeddable":true,"href":"https:\/\/c14paris.com\/en\/wp-json\/wp\/v2\/users\/2"}],"replies":[{"embeddable":true,"href":"https:\/\/c14paris.com\/en\/wp-json\/wp\/v2\/comments?post=1297"}],"version-history":[{"count":1,"href":"https:\/\/c14paris.com\/en\/wp-json\/wp\/v2\/pages\/1297\/revisions"}],"predecessor-version":[{"id":2527,"href":"https:\/\/c14paris.com\/en\/wp-json\/wp\/v2\/pages\/1297\/revisions\/2527"}],"wp:attachment":[{"href":"https:\/\/c14paris.com\/en\/wp-json\/wp\/v2\/media?parent=1297"}],"curies":[{"name":"wp","href":"https:\/\/api.w.org\/{rel}","templated":true}]}}