{"id":1268,"date":"2025-08-17T11:40:37","date_gmt":"2025-08-17T09:40:37","guid":{"rendered":"https:\/\/c14paris.com\/?page_id=1268"},"modified":"2026-04-06T11:04:15","modified_gmt":"2026-04-06T09:04:15","slug":"general-competition","status":"publish","type":"page","link":"https:\/\/c14paris.com\/en\/concours-general\/","title":{"rendered":"Open Competition"},"content":{"rendered":"<style>.kb-advanced-slider-1268_5711db-a8 .kb-slider-size-fixed .kb-advanced-slide-inner-wrap{min-height:500px;}.kb-advanced-slider-1268_5711db-a8 .kb-slider-pause-button{color:#fff;background-color:rgba(0, 0, 0, 0.8);border:1px solid transparent;}<\/style><div class=\"kb-advanced-slider kb-advanced-slider-1268_5711db-a8 alignfull wp-block-kadence-slider\"><div class=\"kb-advanced-slider-inner-contain kb-adv-slider-html-version-2\"><div class=\"kb-blocks-advanced-carousel kt-blocks-carousel kt-carousel-container-dotstyle-dark\"><div class=\"kb-blocks-advanced-slider-init kb-slider-loading kb-blocks-slider kt-carousel-arrowstyle-whiteondark kt-carousel-dotstyle-dark kb-slider-size-fixed kb-slider-type-slider kb-slider-ratio-3-1 kb-slider-group-arrow kb-slider-arrow-position-center kb-slider-tab-ratio-inherit kb-slider-mobile-ratio-inherit splide kb-splide  kb-slider-version-2\" aria-label=\"Slider content\" data-slider-center-mode=\"true\" data-slider-type=\"slider\" data-loop-type=\"loop\" data-columns-xxl=\"3\" data-columns-xl=\"3\" data-columns-md=\"3\" data-columns-sm=\"2\" data-columns-xs=\"1\" data-columns-ss=\"1\" data-slider-anim-speed=\"400\" data-slider-scroll=\"1\" data-slider-fade=\"true\" data-slider-arrows=\"true\" data-slider-dots=\"true\" data-slider-hover-pause=\"false\" data-slider-auto=\"true\"  data-dragging=\"true\" data-slider-speed=\"7000\" data-slider-gap=\"30\" data-slider-gap-tablet=\"30\" data-slider-gap-mobile=\"30\" data-slider-gap-unit=\"px\"><div class=\"splide__track\"><ul class=\"splide__list\">\n\n<li class=\"wp-block-kadence-slide kb-advanced-slide-item kb-slide-1268_1680a1-9a\"><div class=\"kb-advanced-slide\"><div class=\"kb-advanced-slide-inner-wrap\"><div class=\"kb-advanced-slide-overlay\"><\/div><div class=\"kb-advanced-slide-inner\"><style>.wp-block-kadence-advancedheading.kt-adv-heading1268_fb83c3-de, .wp-block-kadence-advancedheading.kt-adv-heading1268_fb83c3-de[data-kb-block=\"kb-adv-heading1268_fb83c3-de\"]{font-size:var(--global-kb-font-size-xl, 3rem);font-style:normal;}.wp-block-kadence-advancedheading.kt-adv-heading1268_fb83c3-de mark.kt-highlight, .wp-block-kadence-advancedheading.kt-adv-heading1268_fb83c3-de[data-kb-block=\"kb-adv-heading1268_fb83c3-de\"] mark.kt-highlight{font-style:normal;color:#f76a0c;-webkit-box-decoration-break:clone;box-decoration-break:clone;padding-top:0px;padding-right:0px;padding-bottom:0px;padding-left:0px;}.wp-block-kadence-advancedheading.kt-adv-heading1268_fb83c3-de img.kb-inline-image, .wp-block-kadence-advancedheading.kt-adv-heading1268_fb83c3-de[data-kb-block=\"kb-adv-heading1268_fb83c3-de\"] img.kb-inline-image{width:150px;vertical-align:baseline;}<\/style>\n<h1 class=\"kt-adv-heading1268_fb83c3-de wp-block-kadence-advancedheading has-theme-palette-9-color has-text-color\" data-kb-block=\"kb-adv-heading1268_fb83c3-de\">Concours g\u00e9n\u00e9ral<\/h1>\n\n\n\n<p class=\"has-theme-palette-9-color has-text-color has-link-color wp-elements-133b031a1c815e19dd5499bee08f5446\">Tentez de participer au salon C14 PARIS en d\u00e9posant votre candidature en ligne<\/p>\n<\/div><\/div><\/div><\/li>\n\n<\/ul><\/div><\/div><\/div><\/div><\/div>\n\n<style>.kb-row-layout-wrap.wp-block-kadence-rowlayout.kb-row-layout-id1268_b6d1b0-1d{margin-top:0px;}.kb-row-layout-id1268_b6d1b0-1d > .kt-row-column-wrap{align-content:start;}:where(.kb-row-layout-id1268_b6d1b0-1d > .kt-row-column-wrap) > .wp-block-kadence-column{justify-content:start;}.kb-row-layout-id1268_b6d1b0-1d > .kt-row-column-wrap{column-gap:var(--global-kb-gap-md, 2rem);row-gap:var(--global-kb-gap-md, 2rem);max-width:var( --global-content-width, 1250px );padding-left:var(--global-content-edge-padding);padding-right:var(--global-content-edge-padding);padding-top:var(--global-kb-spacing-lg, 3rem);padding-bottom:var(--global-kb-spacing-sm, 1.5rem);grid-template-columns:minmax(0, calc(50% - ((var(--global-kb-gap-md, 2rem) * 1 )\/2)))minmax(0, calc(50% - ((var(--global-kb-gap-md, 2rem) * 1 )\/2)));}.kb-row-layout-id1268_b6d1b0-1d > .kt-row-layout-overlay{opacity:0.30;}@media all and (max-width: 1024px){.kb-row-layout-id1268_b6d1b0-1d > .kt-row-column-wrap{grid-template-columns:repeat(2, minmax(0, 1fr));}}@media all and (max-width: 767px){.kb-row-layout-id1268_b6d1b0-1d > .kt-row-column-wrap{grid-template-columns:minmax(0, 1fr);}}<\/style><div class=\"kb-row-layout-wrap kb-row-layout-id1268_b6d1b0-1d alignnone wp-block-kadence-rowlayout\"><div class=\"kt-row-column-wrap kt-has-2-columns kt-row-layout-equal kt-tab-layout-inherit kt-mobile-layout-row kt-row-valign-top kb-theme-content-width\">\n<style>.kadence-column1268_c14af1-00 > .kt-inside-inner-col,.kadence-column1268_c14af1-00 > .kt-inside-inner-col:before{border-top-left-radius:0px;border-top-right-radius:0px;border-bottom-right-radius:0px;border-bottom-left-radius:0px;}.kadence-column1268_c14af1-00 > .kt-inside-inner-col{column-gap:var(--global-kb-gap-sm, 1rem);}.kadence-column1268_c14af1-00 > .kt-inside-inner-col{flex-direction:column;}.kadence-column1268_c14af1-00 > .kt-inside-inner-col > .aligncenter{width:100%;}.kadence-column1268_c14af1-00 > .kt-inside-inner-col:before{opacity:0.3;}.kadence-column1268_c14af1-00{position:relative;}@media all and (max-width: 1024px){.kadence-column1268_c14af1-00 > .kt-inside-inner-col{flex-direction:column;justify-content:center;}}@media all and (max-width: 767px){.kadence-column1268_c14af1-00 > .kt-inside-inner-col{flex-direction:column;justify-content:center;}}<\/style>\n<div class=\"wp-block-kadence-column kadence-column1268_c14af1-00\"><div class=\"kt-inside-inner-col\">\n<h2 class=\"wp-block-heading\">Appel \u00e0 candidatures<\/h2>\n\n\n\n<h3 class=\"wp-block-heading\">22e \u00c9DITION DU SALON C14 PARIS 2026<\/h3>\n\n\n\n<p>L\u2019appel \u00e0 candidatures est lanc\u00e9 le&nbsp;<strong>08&nbsp;D\u00e9cembre 2025 et cl\u00f4t le 31 janvier 2026 \u00e0 minuit (heure de Paris)<\/strong>. (30 places)<\/p>\n\n\n\n<p>Le Salon C14-PARIS s\u2019adresse aux artistes&nbsp;fran\u00e7ais\u2022es,&nbsp;europ\u00e9en\u2022nes&nbsp;et&nbsp;internationaux\u2022les,&nbsp;auteurs\u2022rices&nbsp;de pi\u00e8ces sculpturales r\u00e9alis\u00e9es en c\u00e9ramique (du volume \u00e0 l\u2019installation).<br>Sont exclues toutes les pi\u00e8ces d\u2019usage (vase, pot, vaisselle, accessoire, mobilier\u2026).<\/p>\n\n\n\n<p>\u2022Les \u0153uvres doivent \u00eatre r\u00e9centes (moins de 3 ans) et \/ou n\u2019avoir jamais \u00e9t\u00e9 expos\u00e9es.<br>\u2022Les \u0153uvres propos\u00e9es doivent \u00eatre tr\u00e8s majoritairement en c\u00e9ramique, mais peuvent \u00eatre composites.<br>\u2022Les installations doivent \u00eatre tr\u00e8s majoritairement c\u00e9ramique, mais peuvent contenir des \u00e9l\u00e9ments non c\u00e9ramique (dessins, photos, peintures\u2026).<br><br>L\u2019\u00e9dition 2026 se tiendra du&nbsp;<strong>jeudi&nbsp;01&nbsp;au dimanche&nbsp;04&nbsp;Octobre&nbsp;2026<\/strong>, dans le tr\u00e8s beau b\u00e2timent des ann\u00e9es 1930, annexe patrimoniale de la mairie du 14e arrondissement de la ville de Paris, 12 rue Pierre-Castagnou.<\/p>\n\n\n\n<p>Les candidats retenus peuvent pr\u00e9tendre aux 3 prix en vigueur (Prix Galerie \u2013 Prix r\u00e9sidence et Prix du Jury \/ Fonds de dotation Andr\u00e9e et Michel&nbsp;Hirlet)&nbsp;<a href=\"https:\/\/c14paris.com\/prix\/\" data-type=\"page\" data-id=\"304\">En savoir plus<\/a><\/p>\n\n\n\n<h3 class=\"wp-block-heading\">Les dossiers de candidature sont \u00e0 remplir en ligne avant le 31&nbsp;Janvier 2026 \u00e0 minuit.<\/h3>\n\n\n\n<p>Toute participation est soumise \u00e0 l\u2019acceptation du r\u00e8glement g\u00e9n\u00e9ral.<br>Le candidat sera avis\u00e9 de la d\u00e9cision du jury &#8211; \u00e0 partir de la 3e semaine de f\u00e9vrier.<\/p>\n<\/div><\/div>\n\n\n<style>.kadence-column1268_1ad16e-ef > .kt-inside-inner-col,.kadence-column1268_1ad16e-ef > .kt-inside-inner-col:before{border-top-left-radius:0px;border-top-right-radius:0px;border-bottom-right-radius:0px;border-bottom-left-radius:0px;}.kadence-column1268_1ad16e-ef > .kt-inside-inner-col{column-gap:var(--global-kb-gap-sm, 1rem);}.kadence-column1268_1ad16e-ef > .kt-inside-inner-col{flex-direction:column;}.kadence-column1268_1ad16e-ef > .kt-inside-inner-col > .aligncenter{width:100%;}.kadence-column1268_1ad16e-ef > .kt-inside-inner-col:before{opacity:0.3;}.kadence-column1268_1ad16e-ef{position:relative;}@media all and (max-width: 1024px){.kadence-column1268_1ad16e-ef > .kt-inside-inner-col{flex-direction:column;justify-content:center;}}@media all and (max-width: 767px){.kadence-column1268_1ad16e-ef > .kt-inside-inner-col{flex-direction:column;justify-content:center;}}<\/style>\n<div class=\"wp-block-kadence-column kadence-column1268_1ad16e-ef\"><div class=\"kt-inside-inner-col\"><style>.wp-block-kadence-spacer.kt-block-spacer-1268_cf7d86-1d .kt-block-spacer{height:30px;}.wp-block-kadence-spacer.kt-block-spacer-1268_cf7d86-1d .kt-divider{border-top-width:5px;height:1px;border-top-color:var(--global-palette3, #1A202C);width:50%;border-top-style:solid;}<\/style>\n<div class=\"wp-block-kadence-spacer aligncenter kt-block-spacer-1268_cf7d86-1d is-style-default\"><div class=\"kt-block-spacer kt-block-spacer-halign-left\"><hr class=\"kt-divider\" \/><\/div><\/div>\n\n\n<style>.wp-block-kadence-advancedbtn.kt-btns1268_ff60c5-89, .site .entry-content .wp-block-kadence-advancedbtn.kt-btns1268_ff60c5-89, .wp-block-kadence-advancedbtn.kb-btns1268_ff60c5-89, .site .entry-content .wp-block-kadence-advancedbtn.kb-btns1268_ff60c5-89{margin-top:var(--global-kb-spacing-md, 2rem);}.wp-block-kadence-advancedbtn.kb-btns1268_ff60c5-89{gap:var(--global-kb-gap-xs, 0.5rem );justify-content:flex-start;align-items:center;}.kt-btns1268_ff60c5-89 .kt-button{font-weight:normal;font-style:normal;}.kt-btns1268_ff60c5-89 .kt-btn-wrap-0{margin-right:5px;}.wp-block-kadence-advancedbtn.kt-btns1268_ff60c5-89 .kt-btn-wrap-0 .kt-button{color:#555555;border-color:#555555;}.wp-block-kadence-advancedbtn.kt-btns1268_ff60c5-89 .kt-btn-wrap-0 .kt-button:hover, .wp-block-kadence-advancedbtn.kt-btns1268_ff60c5-89 .kt-btn-wrap-0 .kt-button:focus{color:#ffffff;border-color:#444444;}.wp-block-kadence-advancedbtn.kt-btns1268_ff60c5-89 .kt-btn-wrap-0 .kt-button::before{display:none;}.wp-block-kadence-advancedbtn.kt-btns1268_ff60c5-89 .kt-btn-wrap-0 .kt-button:hover, .wp-block-kadence-advancedbtn.kt-btns1268_ff60c5-89 .kt-btn-wrap-0 .kt-button:focus{background:#444444;}<\/style>\n<div class=\"wp-block-kadence-advancedbtn kb-buttons-wrap kb-btns1268_ff60c5-89\"><style>ul.menu .wp-block-kadence-advancedbtn .kb-btn1268_7dda1b-00.kb-button{width:initial;}<\/style><a class=\"kb-button kt-button button kb-btn1268_7dda1b-00 kt-btn-size-standard kt-btn-width-type-auto kb-btn-global-inherit  kt-btn-has-text-true kt-btn-has-svg-false  wp-block-button__link wp-block-kadence-singlebtn\" href=\"\/reglement-interieur\/#general\"><span class=\"kt-btn-inner-text\">R\u00e8glement int\u00e9rieur<\/span><\/a>\n\n<style>ul.menu .wp-block-kadence-advancedbtn .kb-btn1268_b97821-26.kb-button{width:initial;}<\/style><a class=\"kb-button kt-button button kb-btn1268_b97821-26 kt-btn-size-standard kt-btn-width-type-auto kb-btn-global-inherit  kt-btn-has-text-true kt-btn-has-svg-false  wp-block-button__link wp-block-kadence-singlebtn\" href=\"https:\/\/c14paris.com\/formulaire-concours-general\/\"><span class=\"kt-btn-inner-text\">Je d\u00e9pose ma candidature<\/span><\/a><\/div>\n<\/div><\/div>\n\n<\/div><\/div>","protected":false},"excerpt":{"rendered":"<p>Appel \u00e0 candidatures 22e \u00c9DITION DU SALON C14 PARIS 2026 L\u2019appel \u00e0 candidatures est lanc\u00e9 le&nbsp;08&nbsp;D\u00e9cembre 2025 et cl\u00f4t le 31 janvier 2026 \u00e0 minuit (heure de Paris). (30 places) Le Salon C14-PARIS s\u2019adresse aux artistes&nbsp;fran\u00e7ais\u2022es,&nbsp;europ\u00e9en\u2022nes&nbsp;et&nbsp;internationaux\u2022les,&nbsp;auteurs\u2022rices&nbsp;de pi\u00e8ces sculpturales r\u00e9alis\u00e9es en c\u00e9ramique (du volume \u00e0 l\u2019installation).Sont exclues toutes les pi\u00e8ces d\u2019usage (vase, pot, vaisselle, accessoire, mobilier\u2026)&#8230;.<\/p>","protected":false},"author":2,"featured_media":0,"parent":0,"menu_order":0,"comment_status":"closed","ping_status":"closed","template":"","meta":{"_acf_changed":false,"_kad_blocks_custom_css":"","_kad_blocks_head_custom_js":"","_kad_blocks_body_custom_js":"","_kad_blocks_footer_custom_js":"","_kad_post_transparent":"","_kad_post_title":"","_kad_post_layout":"","_kad_post_sidebar_id":"","_kad_post_content_style":"","_kad_post_vertical_padding":"","_kad_post_feature":"","_kad_post_feature_position":"","_kad_post_header":false,"_kad_post_footer":false,"_kad_post_classname":"","footnotes":""},"class_list":["post-1268","page","type-page","status-publish","hentry"],"acf":[],"taxonomy_info":[],"featured_image_src_large":false,"author_info":{"display_name":"manon","author_link":"https:\/\/c14paris.com\/en\/author\/manon\/"},"comment_info":"","_links":{"self":[{"href":"https:\/\/c14paris.com\/en\/wp-json\/wp\/v2\/pages\/1268","targetHints":{"allow":["GET"]}}],"collection":[{"href":"https:\/\/c14paris.com\/en\/wp-json\/wp\/v2\/pages"}],"about":[{"href":"https:\/\/c14paris.com\/en\/wp-json\/wp\/v2\/types\/page"}],"author":[{"embeddable":true,"href":"https:\/\/c14paris.com\/en\/wp-json\/wp\/v2\/users\/2"}],"replies":[{"embeddable":true,"href":"https:\/\/c14paris.com\/en\/wp-json\/wp\/v2\/comments?post=1268"}],"version-history":[{"count":1,"href":"https:\/\/c14paris.com\/en\/wp-json\/wp\/v2\/pages\/1268\/revisions"}],"predecessor-version":[{"id":2529,"href":"https:\/\/c14paris.com\/en\/wp-json\/wp\/v2\/pages\/1268\/revisions\/2529"}],"wp:attachment":[{"href":"https:\/\/c14paris.com\/en\/wp-json\/wp\/v2\/media?parent=1268"}],"curies":[{"name":"wp","href":"https:\/\/api.w.org\/{rel}","templated":true}]}}